{"id":253,"date":"2025-06-03T11:18:17","date_gmt":"2025-06-03T11:18:17","guid":{"rendered":"https:\/\/hangl-lena.web.kslinz.at\/hangll\/?page_id=253"},"modified":"2025-06-05T08:29:52","modified_gmt":"2025-06-05T08:29:52","slug":"253-2","status":"publish","type":"page","link":"https:\/\/hangl-lena.web.kslinz.at\/hangll\/index.php\/253-2\/","title":{"rendered":"leben"},"content":{"rendered":"\n<p style=\"font-size:50px;font-style:normal;font-weight:100\">MEIN LEBEN<\/p>\n\n\n\n<details class=\"wp-block-details is-layout-flow wp-block-details-is-layout-flow\" style=\"font-size:23px;font-style:normal;font-weight:100\"><summary>Familie<\/summary>\n<p>Ich lebe gemeinsam mit meiner Mama, meinem Papa, meiner Schwester und unserer Katze in St. Florian. Meine Familie bedeutet mir sehr viel, und ich verbringe gerne Zeit mit ihr. Besonders sch\u00f6n finde ich es, gemeinsam zu verreisen und neue Orte zu entdecken.<\/p>\n\n\n<a href=\"https:\/\/hangl-lena.web.kslinz.at\/hangll\/wp-content\/uploads\/2025\/06\/familie.pdf\" class=\"pdfemb-viewer\" style=\"width:600px;height:850px;\" data-width=\"600\" data-height=\"850\" data-toolbar=\"bottom\" data-toolbar-fixed=\"off\">familie<\/a>\n\n\n<div class=\"wp-block-file alignright\"><a id=\"wp-block-file--media-694708ba-7aaa-4d39-95cd-1d38dc46ec97\" href=\"https:\/\/hangl-lena.web.kslinz.at\/hangll\/wp-content\/uploads\/2025\/06\/familie-1.pdf\" target=\"_blank\" rel=\"noreferrer noopener\">familie<\/a><\/div>\n<\/details>\n\n\n\n<details class=\"wp-block-details is-layout-flow wp-block-details-is-layout-flow\" style=\"font-size:23px;font-style:normal;font-weight:100\"><summary>Freunde<\/summary>\n<p>Meine Freunde bedeuten mir unglaublich viel. Ich bin \u00fcberzeugt davon, dass Freundschaften zwischen Jungs und M\u00e4dchen wunderbar funktionieren \u2013 vielleicht habe ich deshalb auch mehr Jungs als Freunde. Umso mehr sch\u00e4tze ich die wenigen M\u00e4dchen in meinem Freundeskreis. Ich liebe es, Zeit mit ihnen zu verbringen, und mittlerweile kann ich auch mit Stolz sagen, dass ich sehr gerne Zeit mit meinem Freund verbringe.<\/p>\n\n\n<a href=\"https:\/\/hangl-lena.web.kslinz.at\/hangll\/wp-content\/uploads\/2025\/06\/freundeee.pdf\" class=\"pdfemb-viewer\" style=\"width:600px;height:850px;\" data-width=\"600\" data-height=\"850\" data-toolbar=\"bottom\" data-toolbar-fixed=\"off\">freundeee<\/a>\n\n\n<div class=\"wp-block-file alignright\"><a id=\"wp-block-file--media-ae62deb9-bfd8-4223-a97e-09dbb66e60d9\" href=\"https:\/\/hangl-lena.web.kslinz.at\/hangll\/wp-content\/uploads\/2025\/06\/freundeee-1.pdf\" target=\"_blank\" rel=\"noreferrer noopener\">freunde<\/a><\/div>\n<\/details>\n\n\n\n<details class=\"wp-block-details is-layout-flow wp-block-details-is-layout-flow\" style=\"font-size:23px;font-style:normal;font-weight:100\"><summary>Reiten<\/summary>\n<p>Seit ich sieben Jahre alt bin, reite ich \u2013 und es macht mir heute noch genauso viel Spa\u00df wie damals. Sobald ich im Sattel sitze, kann ich den Alltag einfach hinter mir lassen und abschalten. Au\u00dfer nat\u00fcrlich, wenn ich mit Olivia im Stall bin \u2013 dann wird neben dem Reiten auch \u00fcber jedes kleine Drama gequatscht. Mein gr\u00f6\u00dfter Traum war schon immer, eines Tages ein eigenes Pferd zu haben.<\/p>\n\n\n<a href=\"https:\/\/hangl-lena.web.kslinz.at\/hangll\/wp-content\/uploads\/2025\/06\/pferdeee.pdf\" class=\"pdfemb-viewer\" style=\"width:600px;height:850px;\" data-width=\"600\" data-height=\"850\" data-toolbar=\"bottom\" data-toolbar-fixed=\"off\">pferdeee<\/a>\n\n\n<div class=\"wp-block-file alignright\"><a id=\"wp-block-file--media-e4ed872e-be37-49ff-9dc1-e46e5a3185a5\" href=\"https:\/\/hangl-lena.web.kslinz.at\/hangll\/wp-content\/uploads\/2025\/06\/pferdeee-1.pdf\" target=\"_blank\" rel=\"noreferrer noopener\">pferde<\/a><\/div>\n<\/details>\n\n\n\n<details class=\"wp-block-details is-layout-flow wp-block-details-is-layout-flow\" style=\"font-size:23px;font-style:normal;font-weight:100\"><summary>Konzerte<\/summary>\n<p>Ich gehe unheimlich gerne auf Konzerte. Auch wenn ich bisher noch nicht auf allzu vielen war, waren die, die ich erlebt habe, einfach gro\u00dfartig. Mein absolutes Lieblingskonzert war \u2013 und wird es wohl auch immer bleiben \u2013 das von <em>Jeremias<\/em>. Ich durfte sie inzwischen schon zwei Mal live sehen. Au\u00dferdem war ich bereits auf Konzerten von Mark Forster, Apache 207, Peter Fox, Cro und Leony.<\/p>\n\n\n<a href=\"https:\/\/hangl-lena.web.kslinz.at\/hangll\/wp-content\/uploads\/2025\/06\/konzerte.pdf\" class=\"pdfemb-viewer\" style=\"width:600px;height:850px;\" data-width=\"600\" data-height=\"850\" data-toolbar=\"bottom\" data-toolbar-fixed=\"off\">konzerte<\/a>\n\n\n<div class=\"wp-block-file alignright\"><a id=\"wp-block-file--media-1f70da1c-4ca9-4dd6-957a-ba7f6007c21c\" href=\"https:\/\/hangl-lena.web.kslinz.at\/hangll\/wp-content\/uploads\/2025\/06\/konzerte-1.pdf\" target=\"_blank\" rel=\"noreferrer noopener\">konzerte<\/a><\/div>\n<\/details>\n","protected":false},"excerpt":{"rendered":"<p>MEIN LEBEN<\/p>\n","protected":false},"author":1,"featured_media":0,"parent":0,"menu_order":0,"comment_status":"closed","ping_status":"closed","template":"","meta":{"_swt_meta_header_display":false,"_swt_meta_footer_display":false,"_swt_meta_site_title_display":false,"_swt_meta_sticky_header":false,"_swt_meta_transparent_header":false,"footnotes":""},"class_list":["post-253","page","type-page","status-publish","hentry"],"_links":{"self":[{"href":"https:\/\/hangl-lena.web.kslinz.at\/hangll\/index.php\/wp-json\/wp\/v2\/pages\/253","targetHints":{"allow":["GET"]}}],"collection":[{"href":"https:\/\/hangl-lena.web.kslinz.at\/hangll\/index.php\/wp-json\/wp\/v2\/pages"}],"about":[{"href":"https:\/\/hangl-lena.web.kslinz.at\/hangll\/index.php\/wp-json\/wp\/v2\/types\/page"}],"author":[{"embeddable":true,"href":"https:\/\/hangl-lena.web.kslinz.at\/hangll\/index.php\/wp-json\/wp\/v2\/users\/1"}],"replies":[{"embeddable":true,"href":"https:\/\/hangl-lena.web.kslinz.at\/hangll\/index.php\/wp-json\/wp\/v2\/comments?post=253"}],"version-history":[{"count":23,"href":"https:\/\/hangl-lena.web.kslinz.at\/hangll\/index.php\/wp-json\/wp\/v2\/pages\/253\/revisions"}],"predecessor-version":[{"id":304,"href":"https:\/\/hangl-lena.web.kslinz.at\/hangll\/index.php\/wp-json\/wp\/v2\/pages\/253\/revisions\/304"}],"wp:attachment":[{"href":"https:\/\/hangl-lena.web.kslinz.at\/hangll\/index.php\/wp-json\/wp\/v2\/media?parent=253"}],"curies":[{"name":"wp","href":"https:\/\/api.w.org\/{rel}","templated":true}]}}