{"id":279,"date":"2025-06-03T13:47:50","date_gmt":"2025-06-03T13:47:50","guid":{"rendered":"https:\/\/hangl-lena.web.kslinz.at\/hangll\/?page_id=279"},"modified":"2025-06-03T13:47:59","modified_gmt":"2025-06-03T13:47:59","slug":"279-2","status":"publish","type":"page","link":"https:\/\/hangl-lena.web.kslinz.at\/hangll\/index.php\/279-2\/","title":{"rendered":"Impressum"},"content":{"rendered":"\n<p style=\"font-size:50px;font-style:normal;font-weight:100\">IMPRESSUM<\/p>\n\n\n\n<p>Angaben gem\u00e4\u00df \u00a7 5 TMG (Telemediengesetz):<\/p>\n\n\n\n<p>Lena Hangl<\/p>\n\n\n\n<p>Stiftstra\u00dfe 32d <br>4490 St. Florian, \u00d6sterreich<br>E-Mail: lena.hangl@kslinz.at<\/p>\n\n\n\n<p>Diese Website wurde im Rahmen eines Schulprojekts erstellt und dient ausschlie\u00dflich privaten, nicht-kommerziellen Zwecken.<\/p>\n\n\n\n<p>Verantwortlich f\u00fcr den Inhalt:<br>Lena Hangl<\/p>\n","protected":false},"excerpt":{"rendered":"<p>IMPRESSUM Angaben gem\u00e4\u00df \u00a7 5 TMG (Telemediengesetz): Lena Hangl Stiftstra\u00dfe 32d 4490 St. Florian, \u00d6sterreichE-Mail: lena.hangl@kslinz.at Diese Website wurde im Rahmen eines Schulprojekts erstellt und dient ausschlie\u00dflich privaten, nicht-kommerziellen Zwecken. Verantwortlich f\u00fcr den Inhalt:Lena Hangl<\/p>\n","protected":false},"author":1,"featured_media":0,"parent":0,"menu_order":0,"comment_status":"closed","ping_status":"closed","template":"","meta":{"_swt_meta_header_display":false,"_swt_meta_footer_display":false,"_swt_meta_site_title_display":false,"_swt_meta_sticky_header":false,"_swt_meta_transparent_header":false,"footnotes":""},"class_list":["post-279","page","type-page","status-publish","hentry"],"_links":{"self":[{"href":"https:\/\/hangl-lena.web.kslinz.at\/hangll\/index.php\/wp-json\/wp\/v2\/pages\/279","targetHints":{"allow":["GET"]}}],"collection":[{"href":"https:\/\/hangl-lena.web.kslinz.at\/hangll\/index.php\/wp-json\/wp\/v2\/pages"}],"about":[{"href":"https:\/\/hangl-lena.web.kslinz.at\/hangll\/index.php\/wp-json\/wp\/v2\/types\/page"}],"author":[{"embeddable":true,"href":"https:\/\/hangl-lena.web.kslinz.at\/hangll\/index.php\/wp-json\/wp\/v2\/users\/1"}],"replies":[{"embeddable":true,"href":"https:\/\/hangl-lena.web.kslinz.at\/hangll\/index.php\/wp-json\/wp\/v2\/comments?post=279"}],"version-history":[{"count":2,"href":"https:\/\/hangl-lena.web.kslinz.at\/hangll\/index.php\/wp-json\/wp\/v2\/pages\/279\/revisions"}],"predecessor-version":[{"id":281,"href":"https:\/\/hangl-lena.web.kslinz.at\/hangll\/index.php\/wp-json\/wp\/v2\/pages\/279\/revisions\/281"}],"wp:attachment":[{"href":"https:\/\/hangl-lena.web.kslinz.at\/hangll\/index.php\/wp-json\/wp\/v2\/media?parent=279"}],"curies":[{"name":"wp","href":"https:\/\/api.w.org\/{rel}","templated":true}]}}