{"id":37,"date":"2025-05-22T09:44:41","date_gmt":"2025-05-22T09:44:41","guid":{"rendered":"https:\/\/hangl-lena.web.kslinz.at\/hangll\/?page_id=37"},"modified":"2025-06-01T10:29:56","modified_gmt":"2025-06-01T10:29:56","slug":"lena","status":"publish","type":"page","link":"https:\/\/hangl-lena.web.kslinz.at\/hangll\/index.php\/lena\/","title":{"rendered":"lena"},"content":{"rendered":"\n<h2 class=\"wp-block-heading\" style=\"font-style:normal;font-weight:100;letter-spacing:1px\">Lena Mavie Hangl<\/h2>\n\n\n\n<p>Ich bin 18 Jahre alt und wurde am 28. April 2007 geboren. Zurzeit besuche ich die 4. Klasse der HLW Kreuzschwestern mit dem Schwerpunkt Kommunikation und Mediendesign.<\/p>\n\n\n\n<p>In meiner Freizeit gehe ich gerne reiten, verbringe viel Zeit mit meinen Freunden und meinem Freund. Fast alle meine Freunde leben so wie ich in St. Florian, somit k\u00f6nnen wir immer viel Zeit miteinander verbringen. Dort wohne ich seit 2011 mit meinen Eltern, meiner kleinen Schwester und meiner Katze.<\/p>\n\n\n\n<p>Was viele nicht wissen: Ich habe nicht nur den F\u00fchrerschein f\u00fcrs Auto und Moped, sondern auch das kroatische K\u00fcstenpatent, da ich das Meer liebe!<\/p>\n\n\n\n<p>Ich bin eine sehr offene, extrovertierte und hilfsbereite Person. Au\u00dferdem arbeite ich gerne organisiert und im Team, kann aber auch ziemlich emotional sein.<\/p>\n\n\n\n<p style=\"border-style:none;border-width:0px\">In der Schule liegen mir besonders F\u00e4cher mit Zahlen, w\u00e4hrend Sprachen nicht so meine St\u00e4rke sind. Ich dennoch gerne versuche das beste aus mir raus zu holen und neue Dinge zu lernen. <\/p>\n\n\n\n<div class=\"wp-block-file alignright has-black-background-color has-background has-link-color wp-elements-194a47ef4728c1134788919243b481ce\" style=\"padding-top:0px;padding-right:277px;padding-bottom:0px;padding-left:277px\"><a id=\"wp-block-file--media-8c1f504d-022e-4f1a-9dbb-7f5450d05881\" href=\"https:\/\/hangl-lena.web.kslinz.at\/hangll\/wp-content\/uploads\/2025\/06\/lebenslauf-1.pdf\" target=\"_blank\" rel=\"noreferrer noopener\">lebenslauf<\/a><\/div>\n\n\n\n<div style=\"height:0px\" aria-hidden=\"true\" class=\"wp-block-spacer\"><\/div>\n\n\n<div id=\"metaslider-id-110\" style=\"width: 100%;\" class=\"ml-slider-3-98-0 metaslider metaslider-flex metaslider-110 ml-slider .flexslider { position: relative; } hide-navigation-smartphone hide-navigation-tablet has-onhover-arrows ml-slider-lightbox-1-13-4 lightbox-disabled ms-theme-default-base nav-hidden\" role=\"region\" aria-roledescription=\"Slideshow\" aria-label=\"New Slideshow\" data-width=\"700\">\n    <div id=\"metaslider_container_110\">\n        <div id=\"metaslider_110\">\n            <ul class='slides'>\n                <li style=\"display: block; width: 100%;\" class=\"slide-135 ms-image \" aria-roledescription=\"slide\" aria-label=\"slide-135\" data-date=\"2025-05-29 20:07:54\"><img loading=\"lazy\" decoding=\"async\" src=\"https:\/\/hangl-lena.web.kslinz.at\/hangll\/wp-content\/uploads\/2025\/05\/dinohand.jpg\" height=\"300\" width=\"700\" alt=\"\" class=\"slider-110 slide-135\" \/><\/li>\n                <li style=\"display: none; width: 100%;\" class=\"slide-136 ms-image \" aria-roledescription=\"slide\" aria-label=\"slide-136\" data-date=\"2025-05-29 20:07:54\"><img loading=\"lazy\" decoding=\"async\" src=\"https:\/\/hangl-lena.web.kslinz.at\/hangll\/wp-content\/uploads\/2025\/05\/gruenes-tshirt.jpg\" height=\"300\" width=\"700\" alt=\"\" class=\"slider-110 slide-136\" \/><\/li>\n                <li style=\"display: none; width: 100%;\" class=\"slide-137 ms-image \" aria-roledescription=\"slide\" aria-label=\"slide-137\" data-date=\"2025-05-29 20:07:54\"><img loading=\"lazy\" decoding=\"async\" src=\"https:\/\/hangl-lena.web.kslinz.at\/hangll\/wp-content\/uploads\/2025\/05\/haare.jpg\" height=\"300\" width=\"700\" alt=\"\" class=\"slider-110 slide-137\" \/><\/li>\n                <li style=\"display: none; width: 100%;\" class=\"slide-138 ms-image \" aria-roledescription=\"slide\" aria-label=\"slide-138\" data-date=\"2025-05-29 20:07:54\"><img loading=\"lazy\" decoding=\"async\" src=\"https:\/\/hangl-lena.web.kslinz.at\/hangll\/wp-content\/uploads\/2025\/05\/rennen.jpg\" height=\"300\" width=\"700\" alt=\"\" class=\"slider-110 slide-138\" \/><\/li>\n                <li style=\"display: none; width: 100%;\" class=\"slide-123 ms-image \" aria-roledescription=\"slide\" aria-label=\"slide-123\" data-date=\"2025-05-29 20:00:57\"><img loading=\"lazy\" decoding=\"async\" src=\"https:\/\/hangl-lena.web.kslinz.at\/hangll\/wp-content\/uploads\/2025\/05\/IMG-20250507-WA0005-700x300.jpg\" height=\"300\" width=\"700\" alt=\"\" class=\"slider-110 slide-123\" \/><\/li>\n                <li style=\"display: none; width: 100%;\" class=\"slide-139 ms-image \" aria-roledescription=\"slide\" aria-label=\"slide-139\" data-date=\"2025-05-29 20:07:54\"><img loading=\"lazy\" decoding=\"async\" src=\"https:\/\/hangl-lena.web.kslinz.at\/hangll\/wp-content\/uploads\/2025\/05\/sommertop.jpg\" height=\"300\" width=\"700\" alt=\"\" class=\"slider-110 slide-139\" \/><\/li>\n            <\/ul>\n        <\/div>\n        \n    <\/div>\n<\/div>\n\n\n\n<p style=\"font-size:10px\"><\/p>\n\n\n\n<p><\/p>\n","protected":false},"excerpt":{"rendered":"<p>Lena Mavie Hangl Ich bin 18 Jahre alt und wurde am 28. April 2007 geboren. Zurzeit besuche ich die 4. Klasse der HLW Kreuzschwestern mit dem Schwerpunkt Kommunikation und Mediendesign. In meiner Freizeit gehe ich gerne reiten, verbringe viel Zeit mit meinen Freunden und meinem Freund. Fast alle meine Freunde leben so wie ich in [&hellip;]<\/p>\n","protected":false},"author":1,"featured_media":0,"parent":0,"menu_order":0,"comment_status":"closed","ping_status":"closed","template":"","meta":{"_swt_meta_header_display":false,"_swt_meta_footer_display":false,"_swt_meta_site_title_display":true,"_swt_meta_sticky_header":false,"_swt_meta_transparent_header":false,"footnotes":""},"class_list":["post-37","page","type-page","status-publish","hentry"],"_links":{"self":[{"href":"https:\/\/hangl-lena.web.kslinz.at\/hangll\/index.php\/wp-json\/wp\/v2\/pages\/37","targetHints":{"allow":["GET"]}}],"collection":[{"href":"https:\/\/hangl-lena.web.kslinz.at\/hangll\/index.php\/wp-json\/wp\/v2\/pages"}],"about":[{"href":"https:\/\/hangl-lena.web.kslinz.at\/hangll\/index.php\/wp-json\/wp\/v2\/types\/page"}],"author":[{"embeddable":true,"href":"https:\/\/hangl-lena.web.kslinz.at\/hangll\/index.php\/wp-json\/wp\/v2\/users\/1"}],"replies":[{"embeddable":true,"href":"https:\/\/hangl-lena.web.kslinz.at\/hangll\/index.php\/wp-json\/wp\/v2\/comments?post=37"}],"version-history":[{"count":13,"href":"https:\/\/hangl-lena.web.kslinz.at\/hangll\/index.php\/wp-json\/wp\/v2\/pages\/37\/revisions"}],"predecessor-version":[{"id":153,"href":"https:\/\/hangl-lena.web.kslinz.at\/hangll\/index.php\/wp-json\/wp\/v2\/pages\/37\/revisions\/153"}],"wp:attachment":[{"href":"https:\/\/hangl-lena.web.kslinz.at\/hangll\/index.php\/wp-json\/wp\/v2\/media?parent=37"}],"curies":[{"name":"wp","href":"https:\/\/api.w.org\/{rel}","templated":true}]}}